{"id":497,"date":"2018-03-28T23:52:34","date_gmt":"2018-03-28T21:52:34","guid":{"rendered":"http:\/\/huylengtaing.com\/?page_id=497"},"modified":"2020-07-07T23:25:57","modified_gmt":"2020-07-07T21:25:57","slug":"philippe-etchebest","status":"publish","type":"page","link":"https:\/\/huylengtaing.com\/index.php\/philippe-etchebest\/","title":{"rendered":"Philippe Etchebest"},"content":{"rendered":"<p><div class=\"fusion-fullwidth fullwidth-box fusion-builder-row-1 hundred-percent-fullwidth non-hundred-percent-height-scrolling\" style=\"--awb-border-radius-top-left:0px;--awb-border-radius-top-right:0px;--awb-border-radius-bottom-right:0px;--awb-border-radius-bottom-left:0px;--awb-padding-top:0px;--awb-padding-right:0px;--awb-padding-bottom:0px;--awb-padding-left:0px;--awb-margin-top:0px;--awb-margin-bottom:0px;--awb-flex-wrap:wrap;\" ><div class=\"fusion-builder-row fusion-row\"><div class=\"fusion-layout-column fusion_builder_column fusion-builder-column-0 fusion_builder_column_1_2 1_2 fusion-one-half fusion-column-first fusion-column-no-min-height\" style=\"--awb-bg-size:cover;--awb-margin-bottom:0px;width:50%;width:calc(50% - ( ( 0px ) * 0.5 ) );margin-right: 0px;\"><div class=\"fusion-column-wrapper fusion-flex-column-wrapper-legacy\"><div class=\"fusion-image-element in-legacy-container\" style=\"--awb-caption-title-font-family:var(--h2_typography-font-family);--awb-caption-title-font-weight:var(--h2_typography-font-weight);--awb-caption-title-font-style:var(--h2_typography-font-style);--awb-caption-title-size:var(--h2_typography-font-size);--awb-caption-title-transform:var(--h2_typography-text-transform);--awb-caption-title-line-height:var(--h2_typography-line-height);--awb-caption-title-letter-spacing:var(--h2_typography-letter-spacing);\"><span class=\" fusion-imageframe imageframe-none imageframe-1 hover-type-none\"><img decoding=\"async\" width=\"1200\" height=\"2821\" title=\"180325_Pre\u0301sentation-etchebest-finale-1\" src=\"http:\/\/huylengtaing.com\/wp-content\/uploads\/2018\/03\/180325_Pre\u0301sentation-etchebest-finale-1-1200x2821.jpg\" alt class=\"img-responsive wp-image-259\" srcset=\"https:\/\/huylengtaing.com\/wp-content\/uploads\/2018\/03\/180325_Pre\u0301sentation-etchebest-finale-1-200x470.jpg 200w, https:\/\/huylengtaing.com\/wp-content\/uploads\/2018\/03\/180325_Pre\u0301sentation-etchebest-finale-1-400x940.jpg 400w, https:\/\/huylengtaing.com\/wp-content\/uploads\/2018\/03\/180325_Pre\u0301sentation-etchebest-finale-1-600x1410.jpg 600w, https:\/\/huylengtaing.com\/wp-content\/uploads\/2018\/03\/180325_Pre\u0301sentation-etchebest-finale-1-800x1881.jpg 800w, https:\/\/huylengtaing.com\/wp-content\/uploads\/2018\/03\/180325_Pre\u0301sentation-etchebest-finale-1-1200x2821.jpg 1200w, https:\/\/huylengtaing.com\/wp-content\/uploads\/2018\/03\/180325_Pre\u0301sentation-etchebest-finale-1.jpg 1400w\" sizes=\"(max-width: 800px) 100vw, 600px\" \/><\/span><\/div><div class=\"fusion-clearfix\"><\/div><\/div><\/div><div class=\"fusion-layout-column fusion_builder_column fusion-builder-column-1 fusion_builder_column_1_2 1_2 fusion-one-half fusion-column-last\" style=\"--awb-bg-size:cover;--awb-margin-bottom:0px;width:50%;width:calc(50% - ( ( 0px ) * 0.5 ) );\"><div class=\"fusion-column-wrapper fusion-flex-column-wrapper-legacy\"><div class=\"fusion-sep-clear\"><\/div><div class=\"fusion-separator fusion-full-width-sep\" style=\"margin-left: auto;margin-right: auto;margin-bottom:300px;width:100%;\"><\/div><div class=\"fusion-sep-clear\"><\/div><div class=\"fusion-text fusion-text-1\"><h3 style=\"text-align: center;\"><strong>PHILIPPE ETCHEBEST<\/strong><\/h3>\n<p style=\"text-align: center;\">J&#8217;ai voulu \u00e0 travers ce site, retravailler la navigation et mettre en avant le travail de P.Etchebest.<br \/>\nEn premier lieu, nous avons un carrousel avec deux diapositives :<br \/>\nl&#8217;une repr\u00e9sente le chef et l&#8217;autre son restaurant : &#8220;Le Quatri\u00e8me Mur&#8221;.<br \/>\nJ&#8217;ai souhait\u00e9 avoir un blanc assez pr\u00e9sent pour pouvoir exprimer ce c\u00f4t\u00e9 luxueux, \u00e9pur\u00e9e et soign\u00e9e.<br \/>\nAvant d&#8217;acc\u00e9der au &#8220;menu du jour&#8221;, on a une galerie qui met en avant ses r\u00e9alisations.<br \/>\nOn arrive ensuite au menu qui sera modifiable pour ainsi permettre au futur client<br \/>\nde venir et de r\u00e9server par la suite.<\/p>\n<\/div><div class=\"fusion-sep-clear\"><\/div><div class=\"fusion-separator fusion-full-width-sep\" style=\"margin-left: auto;margin-right: auto;margin-bottom:300px;width:100%;\"><\/div><div class=\"fusion-sep-clear\"><\/div><div class=\"fusion-image-element in-legacy-container\" style=\"--awb-caption-title-font-family:var(--h2_typography-font-family);--awb-caption-title-font-weight:var(--h2_typography-font-weight);--awb-caption-title-font-style:var(--h2_typography-font-style);--awb-caption-title-size:var(--h2_typography-font-size);--awb-caption-title-transform:var(--h2_typography-text-transform);--awb-caption-title-line-height:var(--h2_typography-line-height);--awb-caption-title-letter-spacing:var(--h2_typography-letter-spacing);\"><span class=\" fusion-imageframe imageframe-none imageframe-2 hover-type-none\"><img decoding=\"async\" width=\"1400\" height=\"2118\" title=\"180325_Pre\u0301sentation-etchebest-finale-2\" src=\"http:\/\/huylengtaing.com\/wp-content\/uploads\/2018\/03\/180325_Pre\u0301sentation-etchebest-finale-2.jpg\" alt class=\"img-responsive wp-image-260\" srcset=\"https:\/\/huylengtaing.com\/wp-content\/uploads\/2018\/03\/180325_Pre\u0301sentation-etchebest-finale-2-200x303.jpg 200w, https:\/\/huylengtaing.com\/wp-content\/uploads\/2018\/03\/180325_Pre\u0301sentation-etchebest-finale-2-400x605.jpg 400w, https:\/\/huylengtaing.com\/wp-content\/uploads\/2018\/03\/180325_Pre\u0301sentation-etchebest-finale-2-600x908.jpg 600w, https:\/\/huylengtaing.com\/wp-content\/uploads\/2018\/03\/180325_Pre\u0301sentation-etchebest-finale-2-800x1210.jpg 800w, https:\/\/huylengtaing.com\/wp-content\/uploads\/2018\/03\/180325_Pre\u0301sentation-etchebest-finale-2-1200x1815.jpg 1200w, https:\/\/huylengtaing.com\/wp-content\/uploads\/2018\/03\/180325_Pre\u0301sentation-etchebest-finale-2.jpg 1400w\" sizes=\"(max-width: 800px) 100vw, 600px\" \/><\/span><\/div><div class=\"fusion-clearfix\"><\/div><\/div><\/div><\/div><\/div><div class=\"fusion-fullwidth fullwidth-box fusion-builder-row-2 nonhundred-percent-fullwidth non-hundred-percent-height-scrolling\" style=\"--awb-border-radius-top-left:0px;--awb-border-radius-top-right:0px;--awb-border-radius-bottom-right:0px;--awb-border-radius-bottom-left:0px;--awb-flex-wrap:wrap;\" ><div class=\"fusion-builder-row fusion-row\"><div class=\"fusion-layout-column fusion_builder_column fusion-builder-column-2 fusion_builder_column_1_1 1_1 fusion-one-full fusion-column-first fusion-column-last\" style=\"--awb-bg-size:cover;\"><div class=\"fusion-column-wrapper fusion-flex-column-wrapper-legacy\"><div class=\"fusion-sep-clear\"><\/div><div class=\"fusion-separator fusion-full-width-sep\" style=\"margin-left: auto;margin-right: auto;margin-bottom:30px;width:100%;\"><\/div><div class=\"fusion-sep-clear\"><\/div><div class=\"fusion-image-element in-legacy-container\" style=\"--awb-caption-title-font-family:var(--h2_typography-font-family);--awb-caption-title-font-weight:var(--h2_typography-font-weight);--awb-caption-title-font-style:var(--h2_typography-font-style);--awb-caption-title-size:var(--h2_typography-font-size);--awb-caption-title-transform:var(--h2_typography-text-transform);--awb-caption-title-line-height:var(--h2_typography-line-height);--awb-caption-title-letter-spacing:var(--h2_typography-letter-spacing);\"><span class=\" fusion-imageframe imageframe-none imageframe-3 hover-type-none\"><img decoding=\"async\" width=\"559\" height=\"100\" title=\"web\" src=\"http:\/\/huylengtaing.com\/wp-content\/uploads\/2018\/03\/web.jpg\" alt class=\"img-responsive wp-image-644\" srcset=\"https:\/\/huylengtaing.com\/wp-content\/uploads\/2018\/03\/web-200x36.jpg 200w, https:\/\/huylengtaing.com\/wp-content\/uploads\/2018\/03\/web-400x72.jpg 400w, https:\/\/huylengtaing.com\/wp-content\/uploads\/2018\/03\/web.jpg 559w\" sizes=\"(max-width: 800px) 100vw, 559px\" \/><\/span><\/div><div class=\"fusion-clearfix\"><\/div><\/div><\/div><div class=\"fusion-layout-column fusion_builder_column fusion-builder-column-3 fusion_builder_column_1_3 1_3 fusion-one-third fusion-column-first fusion-column-inner-bg-wrapper fusion-animated\" style=\"--awb-inner-bg-size:cover;width:33.333333333333%;width:calc(33.333333333333% - ( ( 4% + 4% ) * 0.33333333333333 ) );margin-right: 4%;\" data-animationType=\"slideInRight\" data-animationDuration=\"0.3\" data-animationOffset=\"top-into-view\"><span class=\"fusion-column-inner-bg hover-type-none\"><a class=\"fusion-column-anchor\" href=\"http:\/\/huylengtaing.com\/index.php\/alexander-mcqueen\/\" rel=\"noopener noreferrer\" target=\"_blank\"><span class=\"fusion-column-inner-bg-image\"><\/span><\/a><\/span><div class=\"fusion-column-wrapper fusion-flex-column-wrapper-legacy\"><div class=\"fusion-image-element in-legacy-container\" style=\"--awb-liftup-border-radius:0px;--awb-caption-title-font-family:var(--h2_typography-font-family);--awb-caption-title-font-weight:var(--h2_typography-font-weight);--awb-caption-title-font-style:var(--h2_typography-font-style);--awb-caption-title-size:var(--h2_typography-font-size);--awb-caption-title-transform:var(--h2_typography-text-transform);--awb-caption-title-line-height:var(--h2_typography-line-height);--awb-caption-title-letter-spacing:var(--h2_typography-letter-spacing);\"><div class=\"awb-image-frame awb-image-frame-4 imageframe-liftup\"><span class=\" fusion-imageframe imageframe-none imageframe-4\"><img decoding=\"async\" width=\"398\" height=\"607\" title=\"180324_webdesign-v2-MQUEEN\" src=\"http:\/\/huylengtaing.com\/wp-content\/uploads\/2018\/03\/180324_webdesign-v2-MQUEEN.jpg\" alt class=\"img-responsive wp-image-694\" srcset=\"https:\/\/huylengtaing.com\/wp-content\/uploads\/2018\/03\/180324_webdesign-v2-MQUEEN-200x305.jpg 200w, https:\/\/huylengtaing.com\/wp-content\/uploads\/2018\/03\/180324_webdesign-v2-MQUEEN.jpg 398w\" sizes=\"(max-width: 800px) 100vw, 398px\" \/><\/span><\/div><\/div><div class=\"fusion-clearfix\"><\/div><\/div><\/div><div class=\"fusion-layout-column fusion_builder_column fusion-builder-column-4 fusion_builder_column_1_3 1_3 fusion-one-third fusion-column-inner-bg-wrapper\" style=\"--awb-inner-bg-size:cover;width:33.333333333333%;width:calc(33.333333333333% - ( ( 4% + 4% ) * 0.33333333333333 ) );margin-right: 4%;\"><span class=\"fusion-column-inner-bg hover-type-none\"><a class=\"fusion-column-anchor\" href=\"http:\/\/huylengtaing.com\/index.php\/popcorn\/\" rel=\"noopener noreferrer\" target=\"_blank\"><span class=\"fusion-column-inner-bg-image\"><\/span><\/a><\/span><div class=\"fusion-column-wrapper fusion-flex-column-wrapper-legacy\"><div class=\"fusion-image-element in-legacy-container\" style=\"--awb-liftup-border-radius:0px;--awb-caption-title-font-family:var(--h2_typography-font-family);--awb-caption-title-font-weight:var(--h2_typography-font-weight);--awb-caption-title-font-style:var(--h2_typography-font-style);--awb-caption-title-size:var(--h2_typography-font-size);--awb-caption-title-transform:var(--h2_typography-text-transform);--awb-caption-title-line-height:var(--h2_typography-line-height);--awb-caption-title-letter-spacing:var(--h2_typography-letter-spacing);\"><div class=\"awb-image-frame awb-image-frame-5 imageframe-liftup fusion-animated\" data-animationType=\"slideInLeft\" data-animationDuration=\"0.3\" data-animationOffset=\"top-into-view\"><span class=\" fusion-imageframe imageframe-none imageframe-5\"><img decoding=\"async\" width=\"398\" height=\"607\" title=\"vignette-popcorn\" src=\"http:\/\/huylengtaing.com\/wp-content\/uploads\/2019\/11\/vignette-popcorn.jpg\" alt class=\"img-responsive wp-image-926\" srcset=\"https:\/\/huylengtaing.com\/wp-content\/uploads\/2019\/11\/vignette-popcorn-200x305.jpg 200w, https:\/\/huylengtaing.com\/wp-content\/uploads\/2019\/11\/vignette-popcorn.jpg 398w\" sizes=\"(max-width: 800px) 100vw, 398px\" \/><\/span><\/div><\/div><div class=\"fusion-clearfix\"><\/div><\/div><\/div><div class=\"fusion-layout-column fusion_builder_column fusion-builder-column-5 fusion_builder_column_1_3 1_3 fusion-one-third fusion-column-last fusion-column-inner-bg-wrapper fusion-animated\" style=\"--awb-inner-bg-size:cover;width:33.333333333333%;width:calc(33.333333333333% - ( ( 4% + 4% ) * 0.33333333333333 ) );\" data-animationType=\"slideInUp\" data-animationDuration=\"0.3\" data-animationOffset=\"top-into-view\"><span class=\"fusion-column-inner-bg hover-type-none\"><a class=\"fusion-column-anchor\" href=\"http:\/\/huylengtaing.com\/index.php\/cosmetic-brand\/\" rel=\"noopener noreferrer\" target=\"_blank\"><span class=\"fusion-column-inner-bg-image\"><\/span><\/a><\/span><div class=\"fusion-column-wrapper fusion-flex-column-wrapper-legacy\"><div class=\"fusion-image-element in-legacy-container\" style=\"--awb-liftup-border-radius:0px;--awb-caption-title-font-family:var(--h2_typography-font-family);--awb-caption-title-font-weight:var(--h2_typography-font-weight);--awb-caption-title-font-style:var(--h2_typography-font-style);--awb-caption-title-size:var(--h2_typography-font-size);--awb-caption-title-transform:var(--h2_typography-text-transform);--awb-caption-title-line-height:var(--h2_typography-line-height);--awb-caption-title-letter-spacing:var(--h2_typography-letter-spacing);\"><div class=\"awb-image-frame awb-image-frame-6 imageframe-liftup\"><span class=\" fusion-imageframe imageframe-none imageframe-6\"><img decoding=\"async\" width=\"398\" height=\"607\" title=\"vignette-mc-maj\" src=\"http:\/\/huylengtaing.com\/wp-content\/uploads\/2019\/11\/vignette-mc-maj.jpg\" alt class=\"img-responsive wp-image-1036\" srcset=\"https:\/\/huylengtaing.com\/wp-content\/uploads\/2019\/11\/vignette-mc-maj-200x305.jpg 200w, https:\/\/huylengtaing.com\/wp-content\/uploads\/2019\/11\/vignette-mc-maj.jpg 398w\" sizes=\"(max-width: 800px) 100vw, 398px\" \/><\/span><\/div><\/div><div class=\"fusion-clearfix\"><\/div><\/div><\/div><\/div><\/div><\/p>\n","protected":false},"excerpt":{"rendered":"","protected":false},"author":1,"featured_media":0,"parent":0,"menu_order":0,"comment_status":"closed","ping_status":"closed","template":"100-width.php","meta":{"footnotes":""},"class_list":["post-497","page","type-page","status-publish","hentry"],"_links":{"self":[{"href":"https:\/\/huylengtaing.com\/index.php\/wp-json\/wp\/v2\/pages\/497","targetHints":{"allow":["GET"]}}],"collection":[{"href":"https:\/\/huylengtaing.com\/index.php\/wp-json\/wp\/v2\/pages"}],"about":[{"href":"https:\/\/huylengtaing.com\/index.php\/wp-json\/wp\/v2\/types\/page"}],"author":[{"embeddable":true,"href":"https:\/\/huylengtaing.com\/index.php\/wp-json\/wp\/v2\/users\/1"}],"replies":[{"embeddable":true,"href":"https:\/\/huylengtaing.com\/index.php\/wp-json\/wp\/v2\/comments?post=497"}],"version-history":[{"count":23,"href":"https:\/\/huylengtaing.com\/index.php\/wp-json\/wp\/v2\/pages\/497\/revisions"}],"predecessor-version":[{"id":1163,"href":"https:\/\/huylengtaing.com\/index.php\/wp-json\/wp\/v2\/pages\/497\/revisions\/1163"}],"wp:attachment":[{"href":"https:\/\/huylengtaing.com\/index.php\/wp-json\/wp\/v2\/media?parent=497"}],"curies":[{"name":"wp","href":"https:\/\/api.w.org\/{rel}","templated":true}]}}