{"id":231,"date":"2018-03-28T23:49:49","date_gmt":"2018-03-28T21:49:49","guid":{"rendered":"http:\/\/huylengtaing.com\/?page_id=231"},"modified":"2019-11-27T17:36:18","modified_gmt":"2019-11-27T16:36:18","slug":"alexander-mcqueen","status":"publish","type":"page","link":"https:\/\/huylengtaing.com\/index.php\/alexander-mcqueen\/","title":{"rendered":"Alexander Mcqueen"},"content":{"rendered":"<p><div class=\"fusion-fullwidth fullwidth-box fusion-builder-row-1 hundred-percent-fullwidth non-hundred-percent-height-scrolling\" style=\"--awb-border-radius-top-left:0px;--awb-border-radius-top-right:0px;--awb-border-radius-bottom-right:0px;--awb-border-radius-bottom-left:0px;--awb-padding-top:0px;--awb-padding-right:0px;--awb-padding-bottom:0px;--awb-padding-left:0px;--awb-margin-top:0px;--awb-margin-bottom:0px;--awb-flex-wrap:wrap;\" ><div class=\"fusion-builder-row fusion-row\"><div class=\"fusion-layout-column fusion_builder_column fusion-builder-column-0 fusion_builder_column_1_2 1_2 fusion-one-half fusion-column-first\" style=\"--awb-bg-size:cover;--awb-margin-bottom:0px;width:50%;width:calc(50% - ( ( 0px ) * 0.5 ) );margin-right: 0px;\"><div class=\"fusion-column-wrapper fusion-flex-column-wrapper-legacy\"><div class=\"fusion-image-element in-legacy-container\" style=\"--awb-caption-title-font-family:var(--h2_typography-font-family);--awb-caption-title-font-weight:var(--h2_typography-font-weight);--awb-caption-title-font-style:var(--h2_typography-font-style);--awb-caption-title-size:var(--h2_typography-font-size);--awb-caption-title-transform:var(--h2_typography-text-transform);--awb-caption-title-line-height:var(--h2_typography-line-height);--awb-caption-title-letter-spacing:var(--h2_typography-letter-spacing);\"><span class=\" fusion-imageframe imageframe-none imageframe-1 hover-type-none\"><img decoding=\"async\" width=\"2000\" height=\"1635\" title=\"f1f1f1\" src=\"http:\/\/huylengtaing.com\/wp-content\/uploads\/2018\/03\/f1f1f1.png\" alt class=\"img-responsive wp-image-482\" srcset=\"https:\/\/huylengtaing.com\/wp-content\/uploads\/2018\/03\/f1f1f1-200x164.png 200w, https:\/\/huylengtaing.com\/wp-content\/uploads\/2018\/03\/f1f1f1-400x327.png 400w, https:\/\/huylengtaing.com\/wp-content\/uploads\/2018\/03\/f1f1f1-600x491.png 600w, https:\/\/huylengtaing.com\/wp-content\/uploads\/2018\/03\/f1f1f1-800x654.png 800w, https:\/\/huylengtaing.com\/wp-content\/uploads\/2018\/03\/f1f1f1-1200x981.png 1200w, https:\/\/huylengtaing.com\/wp-content\/uploads\/2018\/03\/f1f1f1.png 2000w\" sizes=\"(max-width: 800px) 100vw, 600px\" \/><\/span><\/div><div class=\"fusion-image-element in-legacy-container\" style=\"--awb-caption-title-font-family:var(--h2_typography-font-family);--awb-caption-title-font-weight:var(--h2_typography-font-weight);--awb-caption-title-font-style:var(--h2_typography-font-style);--awb-caption-title-size:var(--h2_typography-font-size);--awb-caption-title-transform:var(--h2_typography-text-transform);--awb-caption-title-line-height:var(--h2_typography-line-height);--awb-caption-title-letter-spacing:var(--h2_typography-letter-spacing);\"><span class=\" fusion-imageframe imageframe-none imageframe-2 hover-type-none\"><img decoding=\"async\" width=\"1200\" height=\"720\" title=\"PROJET_ALEXANDER_MCQUEEN_PART_2_TAING_HUY-LENG_DD2\" src=\"http:\/\/huylengtaing.com\/wp-content\/uploads\/2018\/03\/PROJET_ALEXANDER_MCQUEEN_PART_2_TAING_HUY-LENG_DD2.gif\" alt class=\"img-responsive wp-image-232\"\/><\/span><\/div><div class=\"fusion-sep-clear\"><\/div><div class=\"fusion-separator fusion-full-width-sep\" style=\"margin-left: auto;margin-right: auto;margin-bottom:250px;width:100%;\"><\/div><div class=\"fusion-sep-clear\"><\/div><div class=\"fusion-text fusion-text-1\"><h3 style=\"text-align: center;\"><strong>ALEXANDER MCQUEEN<\/strong><\/h3>\n<p style=\"text-align: center;\">Un site d\u00e9di\u00e9 aux Sneakers Oversized d\u2019Alexander Mcqueen.<br \/>\nOn y retrouvera donc en avant-premi\u00e8re la paire de chaussures.<br \/>\nPar la suite, une rubrique sp\u00e9ciale sur le cr\u00e9ateur.<br \/>\nUne autre partie sur les personnes qui portent ces baskets.<br \/>\nEt pour finir, on retrouve les Backstage de la Fashion Week.<br \/>\nUn design \u00e9pur\u00e9 afin de mettre en avant le cr\u00e9ateur et son univers.<\/p>\n<\/div><div class=\"fusion-clearfix\"><\/div><\/div><\/div><div class=\"fusion-layout-column fusion_builder_column fusion-builder-column-1 fusion_builder_column_1_2 1_2 fusion-one-half fusion-column-last fusion-column-no-min-height\" style=\"--awb-bg-size:cover;--awb-margin-bottom:0px;width:50%;width:calc(50% - ( ( 0px ) * 0.5 ) );\"><div class=\"fusion-column-wrapper fusion-flex-column-wrapper-legacy\"><div class=\"fusion-image-element in-legacy-container\" style=\"--awb-caption-title-font-family:var(--h2_typography-font-family);--awb-caption-title-font-weight:var(--h2_typography-font-weight);--awb-caption-title-font-style:var(--h2_typography-font-style);--awb-caption-title-size:var(--h2_typography-font-size);--awb-caption-title-transform:var(--h2_typography-text-transform);--awb-caption-title-line-height:var(--h2_typography-line-height);--awb-caption-title-letter-spacing:var(--h2_typography-letter-spacing);\"><span class=\" fusion-imageframe imageframe-none imageframe-3 hover-type-none\"><img decoding=\"async\" width=\"1200\" height=\"2799\" title=\"PROJET_ALEXANDER_MCQUEEN_PART1_TAING_HUY-LENG_DD2\" src=\"http:\/\/huylengtaing.com\/wp-content\/uploads\/2018\/03\/PROJET_ALEXANDER_MCQUEEN_PART1_TAING_HUY-LENG_DD2-1200x2799.jpg\" alt class=\"img-responsive wp-image-233\" srcset=\"https:\/\/huylengtaing.com\/wp-content\/uploads\/2018\/03\/PROJET_ALEXANDER_MCQUEEN_PART1_TAING_HUY-LENG_DD2-200x467.jpg 200w, https:\/\/huylengtaing.com\/wp-content\/uploads\/2018\/03\/PROJET_ALEXANDER_MCQUEEN_PART1_TAING_HUY-LENG_DD2-400x933.jpg 400w, https:\/\/huylengtaing.com\/wp-content\/uploads\/2018\/03\/PROJET_ALEXANDER_MCQUEEN_PART1_TAING_HUY-LENG_DD2-600x1400.jpg 600w, https:\/\/huylengtaing.com\/wp-content\/uploads\/2018\/03\/PROJET_ALEXANDER_MCQUEEN_PART1_TAING_HUY-LENG_DD2-800x1866.jpg 800w, https:\/\/huylengtaing.com\/wp-content\/uploads\/2018\/03\/PROJET_ALEXANDER_MCQUEEN_PART1_TAING_HUY-LENG_DD2.jpg 1200w\" sizes=\"(max-width: 800px) 100vw, 600px\" \/><\/span><\/div><div class=\"fusion-clearfix\"><\/div><\/div><\/div><\/div><\/div><div class=\"fusion-fullwidth fullwidth-box fusion-builder-row-2 nonhundred-percent-fullwidth non-hundred-percent-height-scrolling\" style=\"--awb-border-radius-top-left:0px;--awb-border-radius-top-right:0px;--awb-border-radius-bottom-right:0px;--awb-border-radius-bottom-left:0px;--awb-background-color:rgba(244,244,244,0);--awb-flex-wrap:wrap;\" ><div class=\"fusion-builder-row fusion-row\"><div class=\"fusion-layout-column fusion_builder_column fusion-builder-column-2 fusion_builder_column_1_1 1_1 fusion-one-full fusion-column-first fusion-column-last\" style=\"--awb-bg-size:cover;\"><div class=\"fusion-column-wrapper fusion-flex-column-wrapper-legacy\"><div class=\"fusion-sep-clear\"><\/div><div class=\"fusion-separator fusion-full-width-sep\" style=\"margin-left: auto;margin-right: auto;margin-bottom:50px;width:100%;\"><\/div><div class=\"fusion-sep-clear\"><\/div><div class=\"fusion-image-element in-legacy-container\" style=\"--awb-caption-title-font-family:var(--h2_typography-font-family);--awb-caption-title-font-weight:var(--h2_typography-font-weight);--awb-caption-title-font-style:var(--h2_typography-font-style);--awb-caption-title-size:var(--h2_typography-font-size);--awb-caption-title-transform:var(--h2_typography-text-transform);--awb-caption-title-line-height:var(--h2_typography-line-height);--awb-caption-title-letter-spacing:var(--h2_typography-letter-spacing);\"><span class=\" fusion-imageframe imageframe-none imageframe-4 hover-type-none\"><img decoding=\"async\" width=\"559\" height=\"100\" title=\"web\" src=\"http:\/\/huylengtaing.com\/wp-content\/uploads\/2018\/03\/web.jpg\" alt class=\"img-responsive wp-image-644\" srcset=\"https:\/\/huylengtaing.com\/wp-content\/uploads\/2018\/03\/web-200x36.jpg 200w, https:\/\/huylengtaing.com\/wp-content\/uploads\/2018\/03\/web-400x72.jpg 400w, https:\/\/huylengtaing.com\/wp-content\/uploads\/2018\/03\/web.jpg 559w\" sizes=\"(max-width: 800px) 100vw, 559px\" \/><\/span><\/div><div class=\"fusion-clearfix\"><\/div><\/div><\/div><div class=\"fusion-layout-column fusion_builder_column fusion-builder-column-3 fusion_builder_column_1_3 1_3 fusion-one-third fusion-column-first fusion-column-inner-bg-wrapper fusion-animated\" style=\"--awb-inner-bg-size:cover;width:33.333333333333%;width:calc(33.333333333333% - ( ( 4% + 4% ) * 0.33333333333333 ) );margin-right: 4%;\" data-animationType=\"slideInUp\" data-animationDuration=\"0.3\" data-animationOffset=\"top-into-view\"><span class=\"fusion-column-inner-bg hover-type-none\"><a class=\"fusion-column-anchor\" href=\"http:\/\/huylengtaing.com\/index.php\/ffrm\/\"><span class=\"fusion-column-inner-bg-image\"><\/span><\/a><\/span><div class=\"fusion-column-wrapper fusion-flex-column-wrapper-legacy\"><div class=\"fusion-image-element in-legacy-container\" style=\"--awb-liftup-border-radius:0px;--awb-caption-title-font-family:var(--h2_typography-font-family);--awb-caption-title-font-weight:var(--h2_typography-font-weight);--awb-caption-title-font-style:var(--h2_typography-font-style);--awb-caption-title-size:var(--h2_typography-font-size);--awb-caption-title-transform:var(--h2_typography-text-transform);--awb-caption-title-line-height:var(--h2_typography-line-height);--awb-caption-title-letter-spacing:var(--h2_typography-letter-spacing);\"><div class=\"awb-image-frame awb-image-frame-5 imageframe-liftup\"><span class=\" fusion-imageframe imageframe-none imageframe-5\"><img decoding=\"async\" width=\"398\" height=\"607\" title=\"180324_webdesign-v2-FRM\" src=\"http:\/\/huylengtaing.com\/wp-content\/uploads\/2018\/03\/180324_webdesign-v2-FRM-1.jpg\" alt class=\"img-responsive wp-image-702\" srcset=\"https:\/\/huylengtaing.com\/wp-content\/uploads\/2018\/03\/180324_webdesign-v2-FRM-1-200x305.jpg 200w, https:\/\/huylengtaing.com\/wp-content\/uploads\/2018\/03\/180324_webdesign-v2-FRM-1.jpg 398w\" sizes=\"(max-width: 800px) 100vw, 398px\" \/><\/span><\/div><\/div><div class=\"fusion-clearfix\"><\/div><\/div><\/div><div class=\"fusion-layout-column fusion_builder_column fusion-builder-column-4 fusion_builder_column_1_3 1_3 fusion-one-third fusion-column-inner-bg-wrapper fusion-animated\" style=\"--awb-inner-bg-size:cover;width:33.333333333333%;width:calc(33.333333333333% - ( ( 4% + 4% ) * 0.33333333333333 ) );margin-right: 4%;\" data-animationType=\"slideInRight\" data-animationDuration=\"0.3\" data-animationOffset=\"top-into-view\"><span class=\"fusion-column-inner-bg hover-type-none\"><a class=\"fusion-column-anchor\" href=\"http:\/\/huylengtaing.com\/index.php\/philippe-etchebest\/\" rel=\"noopener noreferrer\" target=\"_blank\"><span class=\"fusion-column-inner-bg-image\"><\/span><\/a><\/span><div class=\"fusion-column-wrapper fusion-flex-column-wrapper-legacy\"><div class=\"fusion-image-element in-legacy-container\" style=\"--awb-liftup-border-radius:0px;--awb-caption-title-font-family:var(--h2_typography-font-family);--awb-caption-title-font-weight:var(--h2_typography-font-weight);--awb-caption-title-font-style:var(--h2_typography-font-style);--awb-caption-title-size:var(--h2_typography-font-size);--awb-caption-title-transform:var(--h2_typography-text-transform);--awb-caption-title-line-height:var(--h2_typography-line-height);--awb-caption-title-letter-spacing:var(--h2_typography-letter-spacing);\"><div class=\"awb-image-frame awb-image-frame-6 imageframe-liftup\"><span class=\" fusion-imageframe imageframe-none imageframe-6\"><img decoding=\"async\" width=\"398\" height=\"607\" title=\"180324_webdesign-v2-ETCHE\" src=\"http:\/\/huylengtaing.com\/wp-content\/uploads\/2018\/03\/180324_webdesign-v2-ETCHE.jpg\" alt class=\"img-responsive wp-image-706\" srcset=\"https:\/\/huylengtaing.com\/wp-content\/uploads\/2018\/03\/180324_webdesign-v2-ETCHE-200x305.jpg 200w, https:\/\/huylengtaing.com\/wp-content\/uploads\/2018\/03\/180324_webdesign-v2-ETCHE.jpg 398w\" sizes=\"(max-width: 800px) 100vw, 398px\" \/><\/span><\/div><\/div><div class=\"fusion-clearfix\"><\/div><\/div><\/div><div class=\"fusion-layout-column fusion_builder_column fusion-builder-column-5 fusion_builder_column_1_3 1_3 fusion-one-third fusion-column-last fusion-column-inner-bg-wrapper\" style=\"--awb-inner-bg-size:cover;width:33.333333333333%;width:calc(33.333333333333% - ( ( 4% + 4% ) * 0.33333333333333 ) );\"><span class=\"fusion-column-inner-bg hover-type-none\"><a class=\"fusion-column-anchor\" href=\"http:\/\/huylengtaing.com\/index.php\/popcorn\/\" rel=\"noopener noreferrer\" target=\"_blank\"><span class=\"fusion-column-inner-bg-image\"><\/span><\/a><\/span><div class=\"fusion-column-wrapper fusion-flex-column-wrapper-legacy\"><div class=\"fusion-image-element in-legacy-container\" style=\"--awb-liftup-border-radius:0px;--awb-caption-title-font-family:var(--h2_typography-font-family);--awb-caption-title-font-weight:var(--h2_typography-font-weight);--awb-caption-title-font-style:var(--h2_typography-font-style);--awb-caption-title-size:var(--h2_typography-font-size);--awb-caption-title-transform:var(--h2_typography-text-transform);--awb-caption-title-line-height:var(--h2_typography-line-height);--awb-caption-title-letter-spacing:var(--h2_typography-letter-spacing);\"><div class=\"awb-image-frame awb-image-frame-7 imageframe-liftup fusion-animated\" data-animationType=\"slideInLeft\" data-animationDuration=\"0.3\" data-animationOffset=\"top-into-view\"><span class=\" fusion-imageframe imageframe-none imageframe-7\"><img decoding=\"async\" width=\"398\" height=\"607\" title=\"vignette-popcorn\" src=\"http:\/\/huylengtaing.com\/wp-content\/uploads\/2019\/11\/vignette-popcorn.jpg\" alt class=\"img-responsive wp-image-926\" srcset=\"https:\/\/huylengtaing.com\/wp-content\/uploads\/2019\/11\/vignette-popcorn-200x305.jpg 200w, https:\/\/huylengtaing.com\/wp-content\/uploads\/2019\/11\/vignette-popcorn.jpg 398w\" sizes=\"(max-width: 800px) 100vw, 398px\" \/><\/span><\/div><\/div><div class=\"fusion-clearfix\"><\/div><\/div><\/div><\/div><\/div><\/p>\n","protected":false},"excerpt":{"rendered":"","protected":false},"author":1,"featured_media":0,"parent":0,"menu_order":0,"comment_status":"closed","ping_status":"closed","template":"100-width.php","meta":{"footnotes":""},"class_list":["post-231","page","type-page","status-publish","hentry"],"_links":{"self":[{"href":"https:\/\/huylengtaing.com\/index.php\/wp-json\/wp\/v2\/pages\/231","targetHints":{"allow":["GET"]}}],"collection":[{"href":"https:\/\/huylengtaing.com\/index.php\/wp-json\/wp\/v2\/pages"}],"about":[{"href":"https:\/\/huylengtaing.com\/index.php\/wp-json\/wp\/v2\/types\/page"}],"author":[{"embeddable":true,"href":"https:\/\/huylengtaing.com\/index.php\/wp-json\/wp\/v2\/users\/1"}],"replies":[{"embeddable":true,"href":"https:\/\/huylengtaing.com\/index.php\/wp-json\/wp\/v2\/comments?post=231"}],"version-history":[{"count":76,"href":"https:\/\/huylengtaing.com\/index.php\/wp-json\/wp\/v2\/pages\/231\/revisions"}],"predecessor-version":[{"id":1088,"href":"https:\/\/huylengtaing.com\/index.php\/wp-json\/wp\/v2\/pages\/231\/revisions\/1088"}],"wp:attachment":[{"href":"https:\/\/huylengtaing.com\/index.php\/wp-json\/wp\/v2\/media?parent=231"}],"curies":[{"name":"wp","href":"https:\/\/api.w.org\/{rel}","templated":true}]}}